{"id":11923,"date":"2024-02-15T20:55:54","date_gmt":"2024-02-15T20:55:54","guid":{"rendered":"https:\/\/limagroupsrl.it\/?post_type=product&#038;p=11923"},"modified":"2024-02-15T20:55:58","modified_gmt":"2024-02-15T20:55:58","slug":"lindaplus","status":"publish","type":"product","link":"https:\/\/limagroupsrl.it\/?product=lindaplus","title":{"rendered":"LINDAPLUS"},"content":{"rendered":"","protected":false},"excerpt":{"rendered":"<section class=\"services-page-section\">\n<div class=\"container\">\n<div class=\"row\">\n<div class=\"col-md-9\">\n<div class=\"blog-box\">\n<div class=\"blog-post single-post\">\n<div class=\"post-content-text\">\n<section class=\"services-page-section\">\n<div class=\"container\">\n<div class=\"row\">\n<div class=\"col-md-9\">\n<div class=\"blog-box\">\n<div class=\"blog-post single-post\">\n<div class=\"post-content-text\">\n<p>Zanzariera modulare a scorrimento laterale con guida inferiore bassa e senza bottoncini<span id=\"more-359\"><\/span><\/p>\n<ul>\n<li><strong>Scorrimento:<\/strong>\u00a0laterale, si arresta manualmente in qualsiasi punto, configurabile con una o pi\u00f9 ante<\/li>\n<li><strong>Avvolgimento:<\/strong>\u00a0a molla<\/li>\n<li><strong>Sistema di apertura:<\/strong>\u00a0a magnete<\/li>\n<li><strong>Attacco:\u00a0<\/strong>a baionetta<\/li>\n<li><strong>Adatta per:<\/strong>\u00a0portafinestra<\/li>\n<li><strong>Bottoncino:<\/strong>\u00a0no<\/li>\n<li><strong>Rete:<\/strong>\u00a0in fibra di vetro di serie o a strisce<\/li>\n<li><strong>Viene fornita:<\/strong>\u00a0su misura<\/li>\n<li><strong>Note:<\/strong>\u00a0componentistica totalmente rinnovata in alcuni dei suoi principali elementi, con l\u2019introduzione di un sistema brevettato che garantisce un miglioramento generale nell\u2019utilizzo del prodotto e massima efficacia di funzionamento. Attacco a baionetta per la parte fissa. Guida bassa dallo spessore di soli 3 mm, asportabile per la pulizia. La rete \u00e8 facilmente ricollocabile in caso di fuoriuscita. \u00c8 possibile applicare pi\u00f9 ante, fino ad una larghezza massima complessiva di 6 metri.<\/li>\n<li><strong>Opzionale:<\/strong>\u00a0maniglietta pieghevole<\/li>\n<\/ul>\n<\/div>\n<\/div>\n<\/div>\n<\/div>\n<\/div>\n<\/div>\n<\/section>\n<\/div>\n<\/div>\n<\/div>\n<\/div>\n<\/div>\n<\/div>\n<\/section>\n","protected":false},"featured_media":11953,"comment_status":"closed","ping_status":"closed","template":"","meta":{"_joinchat":[]},"product_cat":[23],"product_tag":[],"class_list":{"0":"post-11923","1":"product","2":"type-product","3":"status-publish","4":"has-post-thumbnail","6":"product_cat-zanzariere-laterali","8":"first","9":"instock","10":"shipping-taxable","11":"product-type-simple"},"_links":{"self":[{"href":"https:\/\/limagroupsrl.it\/index.php?rest_route=\/wp\/v2\/product\/11923","targetHints":{"allow":["GET"]}}],"collection":[{"href":"https:\/\/limagroupsrl.it\/index.php?rest_route=\/wp\/v2\/product"}],"about":[{"href":"https:\/\/limagroupsrl.it\/index.php?rest_route=\/wp\/v2\/types\/product"}],"replies":[{"embeddable":true,"href":"https:\/\/limagroupsrl.it\/index.php?rest_route=%2Fwp%2Fv2%2Fcomments&post=11923"}],"wp:featuredmedia":[{"embeddable":true,"href":"https:\/\/limagroupsrl.it\/index.php?rest_route=\/wp\/v2\/media\/11953"}],"wp:attachment":[{"href":"https:\/\/limagroupsrl.it\/index.php?rest_route=%2Fwp%2Fv2%2Fmedia&parent=11923"}],"wp:term":[{"taxonomy":"product_cat","embeddable":true,"href":"https:\/\/limagroupsrl.it\/index.php?rest_route=%2Fwp%2Fv2%2Fproduct_cat&post=11923"},{"taxonomy":"product_tag","embeddable":true,"href":"https:\/\/limagroupsrl.it\/index.php?rest_route=%2Fwp%2Fv2%2Fproduct_tag&post=11923"}],"curies":[{"name":"wp","href":"https:\/\/api.w.org\/{rel}","templated":true}]}}